{"id":5437,"date":"2013-10-15T10:35:35","date_gmt":"2013-10-15T10:35:35","guid":{"rendered":"https:\/\/japaneseshodo.com\/?product=ss-shikishi-support"},"modified":"2016-02-01T11:02:40","modified_gmt":"2016-02-01T11:02:40","slug":"ss-shikishi-support","status":"publish","type":"product","link":"https:\/\/japaneseshodo.com\/fr\/produit\/ss-shikishi-support\/","title":{"rendered":"S&#038;S &#8211; shikishi &#038; support"},"content":{"rendered":"<p>Un \u00ab\u00a0Shikishi\u00a0\u00bb est un support japonais typique utilis\u00e9 pour la calligraphie ou la peinture. Le support est bord\u00e9 d&rsquo;un liseret dor\u00e9.<br \/>\nDimensions : 24cm x 27cm<br \/>\nLe support \u00e0 shikishi permet d\u2019accrocher un shikishi au mur.<br \/>\nIl est fait de MOMIGAMI (un papier frip\u00e9 traditionnel au Japon). Il ajoutera une touche japonaise \u00e0 l\u2019atmosph\u00e8re de votre pi\u00e8ce.<br \/>\nDimensions : 34cm x 39cm<\/p>\n","protected":false},"excerpt":{"rendered":"<p>Un \u00ab\u00a0Shikishi\u00a0\u00bb est un support japonais typique utilis\u00e9 pour la calligraphie ou la peinture. Le support est bord\u00e9 d&rsquo;un liseret dor\u00e9. Dimensions : 24cm x 27cm Le support \u00e0 shikishi permet d\u2019accrocher un shikishi au mur. Il est fait de MOMIGAMI (un papier frip\u00e9 traditionnel au Japon). Il ajoutera une touche japonaise \u00e0 l\u2019atmosph\u00e8re de [&hellip;]<\/p>\n","protected":false},"featured_media":3251,"comment_status":"open","ping_status":"closed","template":"","meta":{"site-sidebar-layout":"default","site-content-layout":"","ast-site-content-layout":"default","site-content-style":"default","site-sidebar-style":"default","ast-global-header-display":"","ast-banner-title-visibility":"","ast-main-header-display":"","ast-hfb-above-header-display":"","ast-hfb-below-header-display":"","ast-hfb-mobile-header-display":"","site-post-title":"","ast-breadcrumbs-content":"","ast-featured-img":"","footer-sml-layout":"","ast-disable-related-posts":"","theme-transparent-header-meta":"","adv-header-id-meta":"","stick-header-meta":"","header-above-stick-meta":"","header-main-stick-meta":"","header-below-stick-meta":"","astra-migrate-meta-layouts":"default","ast-page-background-enabled":"default","ast-page-background-meta":{"desktop":{"background-color":"var(--ast-global-color-4)","background-image":"","background-repeat":"repeat","background-position":"center center","background-size":"auto","background-attachment":"scroll","background-type":"","background-media":"","overlay-type":"","overlay-color":"","overlay-opacity":"","overlay-gradient":""},"tablet":{"background-color":"","background-image":"","background-repeat":"repeat","background-position":"center center","background-size":"auto","background-attachment":"scroll","background-type":"","background-media":"","overlay-type":"","overlay-color":"","overlay-opacity":"","overlay-gradient":""},"mobile":{"background-color":"","background-image":"","background-repeat":"repeat","background-position":"center center","background-size":"auto","background-attachment":"scroll","background-type":"","background-media":"","overlay-type":"","overlay-color":"","overlay-opacity":"","overlay-gradient":""}},"ast-content-background-meta":{"desktop":{"background-color":"var(--ast-global-color-5)","background-image":"","background-repeat":"repeat","background-position":"center center","background-size":"auto","background-attachment":"scroll","background-type":"","background-media":"","overlay-type":"","overlay-color":"","overlay-opacity":"","overlay-gradient":""},"tablet":{"background-color":"var(--ast-global-color-5)","background-image":"","background-repeat":"repeat","background-position":"center center","background-size":"auto","background-attachment":"scroll","background-type":"","background-media":"","overlay-type":"","overlay-color":"","overlay-opacity":"","overlay-gradient":""},"mobile":{"background-color":"var(--ast-global-color-5)","background-image":"","background-repeat":"repeat","background-position":"center center","background-size":"auto","background-attachment":"scroll","background-type":"","background-media":"","overlay-type":"","overlay-color":"","overlay-opacity":"","overlay-gradient":""}}},"product_brand":[],"product_cat":[2373],"product_tag":[],"class_list":{"0":"post-5437","1":"product","2":"type-product","3":"status-publish","4":"has-post-thumbnail","6":"product_cat-solide-souple","7":"pa_hanger-color-brown-2-fr","8":"pa_hanger-color-dark-green-1-fr","9":"pa_hanger-color-light-green-3-fr","10":"pa_hanger-color-ocher-5-fr","11":"pa_hanger-color-red-4-fr","12":"pa_shipping-destination-north-america-fr","13":"pa_shipping-destination-outside-north-america-fr","14":"desktop-align-left","15":"tablet-align-left","16":"mobile-align-left","18":"first","19":"instock","20":"shipping-taxable","21":"purchasable","22":"product-type-variable"},"_links":{"self":[{"href":"https:\/\/japaneseshodo.com\/fr\/wp-json\/wp\/v2\/product\/5437","targetHints":{"allow":["GET"]}}],"collection":[{"href":"https:\/\/japaneseshodo.com\/fr\/wp-json\/wp\/v2\/product"}],"about":[{"href":"https:\/\/japaneseshodo.com\/fr\/wp-json\/wp\/v2\/types\/product"}],"replies":[{"embeddable":true,"href":"https:\/\/japaneseshodo.com\/fr\/wp-json\/wp\/v2\/comments?post=5437"}],"wp:featuredmedia":[{"embeddable":true,"href":"https:\/\/japaneseshodo.com\/fr\/wp-json\/wp\/v2\/media\/3251"}],"wp:attachment":[{"href":"https:\/\/japaneseshodo.com\/fr\/wp-json\/wp\/v2\/media?parent=5437"}],"wp:term":[{"taxonomy":"product_brand","embeddable":true,"href":"https:\/\/japaneseshodo.com\/fr\/wp-json\/wp\/v2\/product_brand?post=5437"},{"taxonomy":"product_cat","embeddable":true,"href":"https:\/\/japaneseshodo.com\/fr\/wp-json\/wp\/v2\/product_cat?post=5437"},{"taxonomy":"product_tag","embeddable":true,"href":"https:\/\/japaneseshodo.com\/fr\/wp-json\/wp\/v2\/product_tag?post=5437"}],"curies":[{"name":"wp","href":"https:\/\/api.w.org\/{rel}","templated":true}]}}