{"id":25817,"date":"2014-01-15T07:27:11","date_gmt":"2014-01-15T07:27:11","guid":{"rendered":"https:\/\/japaneseshodo.com\/?product=17eme-karate-cadre-sakura"},"modified":"2016-02-01T05:57:49","modified_gmt":"2016-02-01T05:57:49","slug":"17eme-karate-cadre-sakura","status":"publish","type":"product","link":"https:\/\/japaneseshodo.com\/fr\/produit\/17eme-karate-cadre-sakura\/","title":{"rendered":"17\u00e8me Karat\u00e9 &#8211; cadre Sakura"},"content":{"rendered":"<h4>Un cadre Sakura est un cadre en bois noir, prot\u00e9g\u00e9 par un plexiglass (pour des raisons \u00e9videntes de s\u00e9curit\u00e9)<br \/>\nPour une touche japonaise, vous pouvez ajouter un papier chiyogami en haut et en bas du cadre.<br \/>\nUn papier chiyogami est un papier d\u00e9coratif typiquement japonais. Si \u00e7a vous int\u00e9resse, veuillez me dire par courriel.<br \/>\nJe vais vous les montrer mon stock.b<br \/>\nDimensions: 20&Prime;5\/8 x 10&Prime;x 1&Prime;1\/4 \/ 52.5cm x 25.5cm x 3.2cm<\/h><\/p>\n","protected":false},"excerpt":{"rendered":"<p>Un cadre Sakura est un cadre en bois noir, prot\u00e9g\u00e9 par un plexiglass (pour des raisons \u00e9videntes de s\u00e9curit\u00e9) Pour une touche japonaise, vous pouvez ajouter un papier chiyogami en haut et en bas du cadre. Un papier chiyogami est un papier d\u00e9coratif typiquement japonais. Si \u00e7a vous int\u00e9resse, veuillez me dire par courriel. Je [&hellip;]<\/p>\n","protected":false},"featured_media":25346,"comment_status":"open","ping_status":"closed","template":"","meta":{"site-sidebar-layout":"default","site-content-layout":"","ast-site-content-layout":"default","site-content-style":"default","site-sidebar-style":"default","ast-global-header-display":"","ast-banner-title-visibility":"","ast-main-header-display":"","ast-hfb-above-header-display":"","ast-hfb-below-header-display":"","ast-hfb-mobile-header-display":"","site-post-title":"","ast-breadcrumbs-content":"","ast-featured-img":"","footer-sml-layout":"","ast-disable-related-posts":"","theme-transparent-header-meta":"","adv-header-id-meta":"","stick-header-meta":"","header-above-stick-meta":"","header-main-stick-meta":"","header-below-stick-meta":"","astra-migrate-meta-layouts":"default","ast-page-background-enabled":"default","ast-page-background-meta":{"desktop":{"background-color":"var(--ast-global-color-4)","background-image":"","background-repeat":"repeat","background-position":"center center","background-size":"auto","background-attachment":"scroll","background-type":"","background-media":"","overlay-type":"","overlay-color":"","overlay-opacity":"","overlay-gradient":""},"tablet":{"background-color":"","background-image":"","background-repeat":"repeat","background-position":"center center","background-size":"auto","background-attachment":"scroll","background-type":"","background-media":"","overlay-type":"","overlay-color":"","overlay-opacity":"","overlay-gradient":""},"mobile":{"background-color":"","background-image":"","background-repeat":"repeat","background-position":"center center","background-size":"auto","background-attachment":"scroll","background-type":"","background-media":"","overlay-type":"","overlay-color":"","overlay-opacity":"","overlay-gradient":""}},"ast-content-background-meta":{"desktop":{"background-color":"var(--ast-global-color-5)","background-image":"","background-repeat":"repeat","background-position":"center center","background-size":"auto","background-attachment":"scroll","background-type":"","background-media":"","overlay-type":"","overlay-color":"","overlay-opacity":"","overlay-gradient":""},"tablet":{"background-color":"var(--ast-global-color-5)","background-image":"","background-repeat":"repeat","background-position":"center center","background-size":"auto","background-attachment":"scroll","background-type":"","background-media":"","overlay-type":"","overlay-color":"","overlay-opacity":"","overlay-gradient":""},"mobile":{"background-color":"var(--ast-global-color-5)","background-image":"","background-repeat":"repeat","background-position":"center center","background-size":"auto","background-attachment":"scroll","background-type":"","background-media":"","overlay-type":"","overlay-color":"","overlay-opacity":"","overlay-gradient":""}}},"product_brand":[],"product_cat":[2415],"product_tag":[],"class_list":{"0":"post-25817","1":"product","2":"type-product","3":"status-publish","4":"has-post-thumbnail","6":"product_cat-17eme-precepte","7":"pa_chiyogami-gold-fr","8":"pa_chiyogami-none-fr","9":"pa_chiyogami-red-fr","10":"pa_chiyogami-tricolor-fr","11":"pa_shipping-destination-north-america-fr","12":"pa_shipping-destination-outside-north-america-fr","13":"pa_writing-direction-horizontal-fr","14":"pa_writing-direction-vertical-fr","15":"desktop-align-left","16":"tablet-align-left","17":"mobile-align-left","19":"first","20":"instock","21":"shipping-taxable","22":"purchasable","23":"product-type-variable"},"_links":{"self":[{"href":"https:\/\/japaneseshodo.com\/fr\/wp-json\/wp\/v2\/product\/25817","targetHints":{"allow":["GET"]}}],"collection":[{"href":"https:\/\/japaneseshodo.com\/fr\/wp-json\/wp\/v2\/product"}],"about":[{"href":"https:\/\/japaneseshodo.com\/fr\/wp-json\/wp\/v2\/types\/product"}],"replies":[{"embeddable":true,"href":"https:\/\/japaneseshodo.com\/fr\/wp-json\/wp\/v2\/comments?post=25817"}],"wp:featuredmedia":[{"embeddable":true,"href":"https:\/\/japaneseshodo.com\/fr\/wp-json\/wp\/v2\/media\/25346"}],"wp:attachment":[{"href":"https:\/\/japaneseshodo.com\/fr\/wp-json\/wp\/v2\/media?parent=25817"}],"wp:term":[{"taxonomy":"product_brand","embeddable":true,"href":"https:\/\/japaneseshodo.com\/fr\/wp-json\/wp\/v2\/product_brand?post=25817"},{"taxonomy":"product_cat","embeddable":true,"href":"https:\/\/japaneseshodo.com\/fr\/wp-json\/wp\/v2\/product_cat?post=25817"},{"taxonomy":"product_tag","embeddable":true,"href":"https:\/\/japaneseshodo.com\/fr\/wp-json\/wp\/v2\/product_tag?post=25817"}],"curies":[{"name":"wp","href":"https:\/\/api.w.org\/{rel}","templated":true}]}}