{"id":16527,"date":"2013-10-29T13:11:29","date_gmt":"2013-10-29T13:11:29","guid":{"rendered":"https:\/\/japaneseshodo.com\/?product=14eme-karate-cadre-mikado"},"modified":"2016-02-01T06:16:16","modified_gmt":"2016-02-01T06:16:16","slug":"14eme-karate-cadre-mikado","status":"publish","type":"product","link":"https:\/\/japaneseshodo.com\/fr\/produit\/14eme-karate-cadre-mikado\/","title":{"rendered":"14\u00e8me Karat\u00e9 &#8211; cadre Mikado"},"content":{"rendered":"<p>Un cadre Mikado est un cadre en bois noir, prot\u00e9g\u00e9 par un plexiglass (pour des raisons \u00e9videntes de s\u00e9curit\u00e9)<br \/>\nPour une touche japonaise, vous pouvez ajouter un papier chiyogami en haut et en bas du cadre.<br \/>\nUn papier chiyogami est un papier d\u00e9coratif typiquement japonais. Veuillez en choisir un parmi nos trois mod\u00e8les disponibles. Si vous pr\u00e9f\u00e9rez ne pas avoir de papier chiyogami, veuillez s\u00e9lectionner \u00ab\u00a0sans\u00a0\u00bb dans les options ci-dessous.<br \/>\nDimensions : 42,5cm x 53cm x 3,5cm<\/p>\n","protected":false},"excerpt":{"rendered":"<p>Un cadre Mikado est un cadre en bois noir, prot\u00e9g\u00e9 par un plexiglass (pour des raisons \u00e9videntes de s\u00e9curit\u00e9) Pour une touche japonaise, vous pouvez ajouter un papier chiyogami en haut et en bas du cadre. Un papier chiyogami est un papier d\u00e9coratif typiquement japonais. Veuillez en choisir un parmi nos trois mod\u00e8les disponibles. Si [&hellip;]<\/p>\n","protected":false},"featured_media":16330,"comment_status":"open","ping_status":"closed","template":"","meta":{"site-sidebar-layout":"default","site-content-layout":"","ast-site-content-layout":"default","site-content-style":"default","site-sidebar-style":"default","ast-global-header-display":"","ast-banner-title-visibility":"","ast-main-header-display":"","ast-hfb-above-header-display":"","ast-hfb-below-header-display":"","ast-hfb-mobile-header-display":"","site-post-title":"","ast-breadcrumbs-content":"","ast-featured-img":"","footer-sml-layout":"","ast-disable-related-posts":"","theme-transparent-header-meta":"","adv-header-id-meta":"","stick-header-meta":"","header-above-stick-meta":"","header-main-stick-meta":"","header-below-stick-meta":"","astra-migrate-meta-layouts":"default","ast-page-background-enabled":"default","ast-page-background-meta":{"desktop":{"background-color":"var(--ast-global-color-4)","background-image":"","background-repeat":"repeat","background-position":"center center","background-size":"auto","background-attachment":"scroll","background-type":"","background-media":"","overlay-type":"","overlay-color":"","overlay-opacity":"","overlay-gradient":""},"tablet":{"background-color":"","background-image":"","background-repeat":"repeat","background-position":"center center","background-size":"auto","background-attachment":"scroll","background-type":"","background-media":"","overlay-type":"","overlay-color":"","overlay-opacity":"","overlay-gradient":""},"mobile":{"background-color":"","background-image":"","background-repeat":"repeat","background-position":"center center","background-size":"auto","background-attachment":"scroll","background-type":"","background-media":"","overlay-type":"","overlay-color":"","overlay-opacity":"","overlay-gradient":""}},"ast-content-background-meta":{"desktop":{"background-color":"var(--ast-global-color-5)","background-image":"","background-repeat":"repeat","background-position":"center center","background-size":"auto","background-attachment":"scroll","background-type":"","background-media":"","overlay-type":"","overlay-color":"","overlay-opacity":"","overlay-gradient":""},"tablet":{"background-color":"var(--ast-global-color-5)","background-image":"","background-repeat":"repeat","background-position":"center center","background-size":"auto","background-attachment":"scroll","background-type":"","background-media":"","overlay-type":"","overlay-color":"","overlay-opacity":"","overlay-gradient":""},"mobile":{"background-color":"var(--ast-global-color-5)","background-image":"","background-repeat":"repeat","background-position":"center center","background-size":"auto","background-attachment":"scroll","background-type":"","background-media":"","overlay-type":"","overlay-color":"","overlay-opacity":"","overlay-gradient":""}}},"product_brand":[],"product_cat":[2409],"product_tag":[],"class_list":{"0":"post-16527","1":"product","2":"type-product","3":"status-publish","4":"has-post-thumbnail","6":"product_cat-14eme-precepte","7":"pa_chiyogami-gold-fr","8":"pa_chiyogami-none-fr","9":"pa_chiyogami-red-fr","10":"pa_chiyogami-tricolor-fr","11":"pa_shipping-destination-north-america-fr","12":"pa_shipping-destination-outside-north-america-fr","13":"desktop-align-left","14":"tablet-align-left","15":"mobile-align-left","17":"first","18":"instock","19":"shipping-taxable","20":"purchasable","21":"product-type-variable"},"_links":{"self":[{"href":"https:\/\/japaneseshodo.com\/fr\/wp-json\/wp\/v2\/product\/16527","targetHints":{"allow":["GET"]}}],"collection":[{"href":"https:\/\/japaneseshodo.com\/fr\/wp-json\/wp\/v2\/product"}],"about":[{"href":"https:\/\/japaneseshodo.com\/fr\/wp-json\/wp\/v2\/types\/product"}],"replies":[{"embeddable":true,"href":"https:\/\/japaneseshodo.com\/fr\/wp-json\/wp\/v2\/comments?post=16527"}],"wp:featuredmedia":[{"embeddable":true,"href":"https:\/\/japaneseshodo.com\/fr\/wp-json\/wp\/v2\/media\/16330"}],"wp:attachment":[{"href":"https:\/\/japaneseshodo.com\/fr\/wp-json\/wp\/v2\/media?parent=16527"}],"wp:term":[{"taxonomy":"product_brand","embeddable":true,"href":"https:\/\/japaneseshodo.com\/fr\/wp-json\/wp\/v2\/product_brand?post=16527"},{"taxonomy":"product_cat","embeddable":true,"href":"https:\/\/japaneseshodo.com\/fr\/wp-json\/wp\/v2\/product_cat?post=16527"},{"taxonomy":"product_tag","embeddable":true,"href":"https:\/\/japaneseshodo.com\/fr\/wp-json\/wp\/v2\/product_tag?post=16527"}],"curies":[{"name":"wp","href":"https:\/\/api.w.org\/{rel}","templated":true}]}}