{"id":14967,"date":"2013-10-27T17:29:30","date_gmt":"2013-10-27T17:29:30","guid":{"rendered":"https:\/\/japaneseshodo.com\/?product=faire-de-mon-mieux-petit-rouleau"},"modified":"2016-02-01T18:42:19","modified_gmt":"2016-02-01T18:42:19","slug":"faire-de-mon-mieux-petit-rouleau","status":"publish","type":"product","link":"https:\/\/japaneseshodo.com\/fr\/produit\/faire-de-mon-mieux-petit-rouleau\/","title":{"rendered":"Faire de mon mieux  &#8211; petit rouleau"},"content":{"rendered":"<p>Ce rouleau peut s&rsquo;accrocher directement au mur gr\u00e2ce au ruban fix\u00e9 sur le b\u00e2ton-support du haut. Le papier en soie est superbement d\u00e9cor\u00e9 de motifs asiatiques.<br \/>\nDimensions: <br \/>\n* dimensions ext\u00e9rieures :  42cm x 128cm<br \/>\n* dimensions ext\u00e9rieures incluant les b\u00e2tons-support : 55cm x 128cm<br \/>\n* dimensions de l&rsquo;aire de calligraphie : 31cm x 84cm<\/p>\n","protected":false},"excerpt":{"rendered":"<p>Ce rouleau peut s&rsquo;accrocher directement au mur gr\u00e2ce au ruban fix\u00e9 sur le b\u00e2ton-support du haut. Le papier en soie est superbement d\u00e9cor\u00e9 de motifs asiatiques. Dimensions: * dimensions ext\u00e9rieures : 42cm x 128cm * dimensions ext\u00e9rieures incluant les b\u00e2tons-support : 55cm x 128cm * dimensions de l&rsquo;aire de calligraphie : 31cm x 84cm<\/p>\n","protected":false},"featured_media":14297,"comment_status":"open","ping_status":"closed","template":"","meta":{"site-sidebar-layout":"default","site-content-layout":"","ast-site-content-layout":"default","site-content-style":"default","site-sidebar-style":"default","ast-global-header-display":"","ast-banner-title-visibility":"","ast-main-header-display":"","ast-hfb-above-header-display":"","ast-hfb-below-header-display":"","ast-hfb-mobile-header-display":"","site-post-title":"","ast-breadcrumbs-content":"","ast-featured-img":"","footer-sml-layout":"","ast-disable-related-posts":"","theme-transparent-header-meta":"","adv-header-id-meta":"","stick-header-meta":"","header-above-stick-meta":"","header-main-stick-meta":"","header-below-stick-meta":"","astra-migrate-meta-layouts":"default","ast-page-background-enabled":"default","ast-page-background-meta":{"desktop":{"background-color":"var(--ast-global-color-4)","background-image":"","background-repeat":"repeat","background-position":"center center","background-size":"auto","background-attachment":"scroll","background-type":"","background-media":"","overlay-type":"","overlay-color":"","overlay-opacity":"","overlay-gradient":""},"tablet":{"background-color":"","background-image":"","background-repeat":"repeat","background-position":"center center","background-size":"auto","background-attachment":"scroll","background-type":"","background-media":"","overlay-type":"","overlay-color":"","overlay-opacity":"","overlay-gradient":""},"mobile":{"background-color":"","background-image":"","background-repeat":"repeat","background-position":"center center","background-size":"auto","background-attachment":"scroll","background-type":"","background-media":"","overlay-type":"","overlay-color":"","overlay-opacity":"","overlay-gradient":""}},"ast-content-background-meta":{"desktop":{"background-color":"var(--ast-global-color-5)","background-image":"","background-repeat":"repeat","background-position":"center center","background-size":"auto","background-attachment":"scroll","background-type":"","background-media":"","overlay-type":"","overlay-color":"","overlay-opacity":"","overlay-gradient":""},"tablet":{"background-color":"var(--ast-global-color-5)","background-image":"","background-repeat":"repeat","background-position":"center center","background-size":"auto","background-attachment":"scroll","background-type":"","background-media":"","overlay-type":"","overlay-color":"","overlay-opacity":"","overlay-gradient":""},"mobile":{"background-color":"var(--ast-global-color-5)","background-image":"","background-repeat":"repeat","background-position":"center center","background-size":"auto","background-attachment":"scroll","background-type":"","background-media":"","overlay-type":"","overlay-color":"","overlay-opacity":"","overlay-gradient":""}}},"product_brand":[],"product_cat":[2305],"product_tag":[],"class_list":{"0":"post-14967","1":"product","2":"type-product","3":"status-publish","4":"has-post-thumbnail","6":"product_cat-faire-de-mon-mieux","7":"pa_medium-color-golden-fr","8":"pa_medium-color-ivory-fr","9":"pa_medium-color-smooth-green-fr","10":"pa_shipping-destination-north-america-fr","11":"pa_shipping-destination-outside-north-america-fr","12":"desktop-align-left","13":"tablet-align-left","14":"mobile-align-left","16":"first","17":"instock","18":"shipping-taxable","19":"purchasable","20":"product-type-variable"},"_links":{"self":[{"href":"https:\/\/japaneseshodo.com\/fr\/wp-json\/wp\/v2\/product\/14967","targetHints":{"allow":["GET"]}}],"collection":[{"href":"https:\/\/japaneseshodo.com\/fr\/wp-json\/wp\/v2\/product"}],"about":[{"href":"https:\/\/japaneseshodo.com\/fr\/wp-json\/wp\/v2\/types\/product"}],"replies":[{"embeddable":true,"href":"https:\/\/japaneseshodo.com\/fr\/wp-json\/wp\/v2\/comments?post=14967"}],"wp:featuredmedia":[{"embeddable":true,"href":"https:\/\/japaneseshodo.com\/fr\/wp-json\/wp\/v2\/media\/14297"}],"wp:attachment":[{"href":"https:\/\/japaneseshodo.com\/fr\/wp-json\/wp\/v2\/media?parent=14967"}],"wp:term":[{"taxonomy":"product_brand","embeddable":true,"href":"https:\/\/japaneseshodo.com\/fr\/wp-json\/wp\/v2\/product_brand?post=14967"},{"taxonomy":"product_cat","embeddable":true,"href":"https:\/\/japaneseshodo.com\/fr\/wp-json\/wp\/v2\/product_cat?post=14967"},{"taxonomy":"product_tag","embeddable":true,"href":"https:\/\/japaneseshodo.com\/fr\/wp-json\/wp\/v2\/product_tag?post=14967"}],"curies":[{"name":"wp","href":"https:\/\/api.w.org\/{rel}","templated":true}]}}