{"id":14395,"date":"2013-10-27T09:35:12","date_gmt":"2013-10-27T09:35:12","guid":{"rendered":"https:\/\/japaneseshodo.com\/?product=faire-de-mon-mieux-cadre-fuji"},"modified":"2016-02-01T18:40:45","modified_gmt":"2016-02-01T18:40:45","slug":"faire-de-mon-mieux-cadre-fuji","status":"publish","type":"product","link":"https:\/\/japaneseshodo.com\/fr\/produit\/faire-de-mon-mieux-cadre-fuji\/","title":{"rendered":"Faire de mon mieux &#8211; Cadre Fuji"},"content":{"rendered":"<h4>un cadre Fuji est un cadre constitu\u00e9 d&rsquo;un pourtout en bois noir de forme carr\u00e9e. Le verre a \u00e9t\u00e9 remplac\u00e9 par du plexiglass (nous n&rsquo;utilisons jamais de verre pour nos cadres pour des raisons de s\u00e9curit\u00e9 \u00e9videntes.<\/p>\n<p>Recommand\u00e9 pour un caract\u00e8re seulement. <\/p>\n<p>Dimensions: 25,5cm x 25,5cm x 4,5cm<\/h><\/p>\n","protected":false},"excerpt":{"rendered":"<p>un cadre Fuji est un cadre constitu\u00e9 d&rsquo;un pourtout en bois noir de forme carr\u00e9e. Le verre a \u00e9t\u00e9 remplac\u00e9 par du plexiglass (nous n&rsquo;utilisons jamais de verre pour nos cadres pour des raisons de s\u00e9curit\u00e9 \u00e9videntes. Recommand\u00e9 pour un caract\u00e8re seulement. Dimensions: 25,5cm x 25,5cm x 4,5cm<\/p>\n","protected":false},"featured_media":2044,"comment_status":"open","ping_status":"closed","template":"","meta":{"site-sidebar-layout":"default","site-content-layout":"","ast-site-content-layout":"default","site-content-style":"default","site-sidebar-style":"default","ast-global-header-display":"","ast-banner-title-visibility":"","ast-main-header-display":"","ast-hfb-above-header-display":"","ast-hfb-below-header-display":"","ast-hfb-mobile-header-display":"","site-post-title":"","ast-breadcrumbs-content":"","ast-featured-img":"","footer-sml-layout":"","ast-disable-related-posts":"","theme-transparent-header-meta":"","adv-header-id-meta":"","stick-header-meta":"","header-above-stick-meta":"","header-main-stick-meta":"","header-below-stick-meta":"","astra-migrate-meta-layouts":"default","ast-page-background-enabled":"default","ast-page-background-meta":{"desktop":{"background-color":"var(--ast-global-color-4)","background-image":"","background-repeat":"repeat","background-position":"center center","background-size":"auto","background-attachment":"scroll","background-type":"","background-media":"","overlay-type":"","overlay-color":"","overlay-opacity":"","overlay-gradient":""},"tablet":{"background-color":"","background-image":"","background-repeat":"repeat","background-position":"center center","background-size":"auto","background-attachment":"scroll","background-type":"","background-media":"","overlay-type":"","overlay-color":"","overlay-opacity":"","overlay-gradient":""},"mobile":{"background-color":"","background-image":"","background-repeat":"repeat","background-position":"center center","background-size":"auto","background-attachment":"scroll","background-type":"","background-media":"","overlay-type":"","overlay-color":"","overlay-opacity":"","overlay-gradient":""}},"ast-content-background-meta":{"desktop":{"background-color":"var(--ast-global-color-5)","background-image":"","background-repeat":"repeat","background-position":"center center","background-size":"auto","background-attachment":"scroll","background-type":"","background-media":"","overlay-type":"","overlay-color":"","overlay-opacity":"","overlay-gradient":""},"tablet":{"background-color":"var(--ast-global-color-5)","background-image":"","background-repeat":"repeat","background-position":"center center","background-size":"auto","background-attachment":"scroll","background-type":"","background-media":"","overlay-type":"","overlay-color":"","overlay-opacity":"","overlay-gradient":""},"mobile":{"background-color":"var(--ast-global-color-5)","background-image":"","background-repeat":"repeat","background-position":"center center","background-size":"auto","background-attachment":"scroll","background-type":"","background-media":"","overlay-type":"","overlay-color":"","overlay-opacity":"","overlay-gradient":""}}},"product_brand":[],"product_cat":[2305],"product_tag":[],"class_list":{"0":"post-14395","1":"product","2":"type-product","3":"status-publish","4":"has-post-thumbnail","6":"product_cat-faire-de-mon-mieux","7":"pa_shipping-destination-north-america-fr","8":"pa_shipping-destination-outside-north-america-fr","9":"desktop-align-left","10":"tablet-align-left","11":"mobile-align-left","13":"first","14":"instock","15":"shipping-taxable","16":"purchasable","17":"product-type-variable"},"_links":{"self":[{"href":"https:\/\/japaneseshodo.com\/fr\/wp-json\/wp\/v2\/product\/14395","targetHints":{"allow":["GET"]}}],"collection":[{"href":"https:\/\/japaneseshodo.com\/fr\/wp-json\/wp\/v2\/product"}],"about":[{"href":"https:\/\/japaneseshodo.com\/fr\/wp-json\/wp\/v2\/types\/product"}],"replies":[{"embeddable":true,"href":"https:\/\/japaneseshodo.com\/fr\/wp-json\/wp\/v2\/comments?post=14395"}],"wp:featuredmedia":[{"embeddable":true,"href":"https:\/\/japaneseshodo.com\/fr\/wp-json\/wp\/v2\/media\/2044"}],"wp:attachment":[{"href":"https:\/\/japaneseshodo.com\/fr\/wp-json\/wp\/v2\/media?parent=14395"}],"wp:term":[{"taxonomy":"product_brand","embeddable":true,"href":"https:\/\/japaneseshodo.com\/fr\/wp-json\/wp\/v2\/product_brand?post=14395"},{"taxonomy":"product_cat","embeddable":true,"href":"https:\/\/japaneseshodo.com\/fr\/wp-json\/wp\/v2\/product_cat?post=14395"},{"taxonomy":"product_tag","embeddable":true,"href":"https:\/\/japaneseshodo.com\/fr\/wp-json\/wp\/v2\/product_tag?post=14395"}],"curies":[{"name":"wp","href":"https:\/\/api.w.org\/{rel}","templated":true}]}}