{"id":13661,"date":"2013-10-21T08:01:18","date_gmt":"2013-10-21T08:01:18","guid":{"rendered":"https:\/\/japaneseshodo.com\/?product=succes-long-rouleau"},"modified":"2016-01-30T18:14:39","modified_gmt":"2016-01-30T18:14:39","slug":"succes-long-rouleau","status":"publish","type":"product","link":"https:\/\/japaneseshodo.com\/fr\/produit\/succes-long-rouleau\/","title":{"rendered":"Succ\u00e8s &#8211; long rouleau"},"content":{"rendered":"<p>Ce long rouleau peut \u00eatre accroch\u00e9 directement au mur gr\u00e2ce au ruban fix\u00e9 sur le b\u00e2ton-support sup\u00e9rieur.  Le papier de soie est superbement d\u00e9cor\u00e9 de motifs asiatiques.<br \/>\nDimensions:<br \/>\n* dimensions ext\u00e9rieures :  46cm x 159cm<br \/>\n* dimensions ext\u00e9rieures incluant les b\u00e2tons-support : 55cm x 159cm<br \/>\n* dimensions de l&rsquo;aire de calligraphie : 33cm x 99cm<\/p>\n","protected":false},"excerpt":{"rendered":"<p>Ce long rouleau peut \u00eatre accroch\u00e9 directement au mur gr\u00e2ce au ruban fix\u00e9 sur le b\u00e2ton-support sup\u00e9rieur. Le papier de soie est superbement d\u00e9cor\u00e9 de motifs asiatiques. Dimensions: * dimensions ext\u00e9rieures : 46cm x 159cm * dimensions ext\u00e9rieures incluant les b\u00e2tons-support : 55cm x 159cm * dimensions de l&rsquo;aire de calligraphie : 33cm x 99cm<\/p>\n","protected":false},"featured_media":12813,"comment_status":"open","ping_status":"closed","template":"","meta":{"site-sidebar-layout":"default","site-content-layout":"","ast-site-content-layout":"default","site-content-style":"default","site-sidebar-style":"default","ast-global-header-display":"","ast-banner-title-visibility":"","ast-main-header-display":"","ast-hfb-above-header-display":"","ast-hfb-below-header-display":"","ast-hfb-mobile-header-display":"","site-post-title":"","ast-breadcrumbs-content":"","ast-featured-img":"","footer-sml-layout":"","ast-disable-related-posts":"","theme-transparent-header-meta":"","adv-header-id-meta":"","stick-header-meta":"","header-above-stick-meta":"","header-main-stick-meta":"","header-below-stick-meta":"","astra-migrate-meta-layouts":"default","ast-page-background-enabled":"default","ast-page-background-meta":{"desktop":{"background-color":"var(--ast-global-color-4)","background-image":"","background-repeat":"repeat","background-position":"center center","background-size":"auto","background-attachment":"scroll","background-type":"","background-media":"","overlay-type":"","overlay-color":"","overlay-opacity":"","overlay-gradient":""},"tablet":{"background-color":"","background-image":"","background-repeat":"repeat","background-position":"center center","background-size":"auto","background-attachment":"scroll","background-type":"","background-media":"","overlay-type":"","overlay-color":"","overlay-opacity":"","overlay-gradient":""},"mobile":{"background-color":"","background-image":"","background-repeat":"repeat","background-position":"center center","background-size":"auto","background-attachment":"scroll","background-type":"","background-media":"","overlay-type":"","overlay-color":"","overlay-opacity":"","overlay-gradient":""}},"ast-content-background-meta":{"desktop":{"background-color":"var(--ast-global-color-5)","background-image":"","background-repeat":"repeat","background-position":"center center","background-size":"auto","background-attachment":"scroll","background-type":"","background-media":"","overlay-type":"","overlay-color":"","overlay-opacity":"","overlay-gradient":""},"tablet":{"background-color":"var(--ast-global-color-5)","background-image":"","background-repeat":"repeat","background-position":"center center","background-size":"auto","background-attachment":"scroll","background-type":"","background-media":"","overlay-type":"","overlay-color":"","overlay-opacity":"","overlay-gradient":""},"mobile":{"background-color":"var(--ast-global-color-5)","background-image":"","background-repeat":"repeat","background-position":"center center","background-size":"auto","background-attachment":"scroll","background-type":"","background-media":"","overlay-type":"","overlay-color":"","overlay-opacity":"","overlay-gradient":""}}},"product_brand":[],"product_cat":[2489],"product_tag":[],"class_list":{"0":"post-13661","1":"product","2":"type-product","3":"status-publish","4":"has-post-thumbnail","6":"product_cat-succes","7":"pa_medium-color-golden-fr","8":"pa_medium-color-ivory-fr","9":"pa_medium-color-silver-fr","10":"pa_medium-color-smooth-green-fr","11":"pa_shipping-destination-north-america-fr","12":"pa_shipping-destination-outside-north-america-fr","13":"desktop-align-left","14":"tablet-align-left","15":"mobile-align-left","17":"first","18":"instock","19":"shipping-taxable","20":"purchasable","21":"product-type-variable"},"_links":{"self":[{"href":"https:\/\/japaneseshodo.com\/fr\/wp-json\/wp\/v2\/product\/13661","targetHints":{"allow":["GET"]}}],"collection":[{"href":"https:\/\/japaneseshodo.com\/fr\/wp-json\/wp\/v2\/product"}],"about":[{"href":"https:\/\/japaneseshodo.com\/fr\/wp-json\/wp\/v2\/types\/product"}],"replies":[{"embeddable":true,"href":"https:\/\/japaneseshodo.com\/fr\/wp-json\/wp\/v2\/comments?post=13661"}],"wp:featuredmedia":[{"embeddable":true,"href":"https:\/\/japaneseshodo.com\/fr\/wp-json\/wp\/v2\/media\/12813"}],"wp:attachment":[{"href":"https:\/\/japaneseshodo.com\/fr\/wp-json\/wp\/v2\/media?parent=13661"}],"wp:term":[{"taxonomy":"product_brand","embeddable":true,"href":"https:\/\/japaneseshodo.com\/fr\/wp-json\/wp\/v2\/product_brand?post=13661"},{"taxonomy":"product_cat","embeddable":true,"href":"https:\/\/japaneseshodo.com\/fr\/wp-json\/wp\/v2\/product_cat?post=13661"},{"taxonomy":"product_tag","embeddable":true,"href":"https:\/\/japaneseshodo.com\/fr\/wp-json\/wp\/v2\/product_tag?post=13661"}],"curies":[{"name":"wp","href":"https:\/\/api.w.org\/{rel}","templated":true}]}}